{"id":1303,"date":"2021-01-27T14:30:22","date_gmt":"2021-01-27T14:30:22","guid":{"rendered":"http:\/\/localhost:8888\/product\/kit-cartas-roles-de-equipo-hormonas-de-la-felicidad-amigable-mascota-antenear\/"},"modified":"2024-04-09T22:47:19","modified_gmt":"2024-04-09T22:47:19","slug":"kit-cartas-roles-de-equipo-hormonas-de-la-felicidad-amigable-mascota-antenear","status":"publish","type":"product","link":"https:\/\/antenear.com\/es\/producto\/kit-cartas-roles-de-equipo-hormonas-de-la-felicidad-amigable-mascota-antenear\/","title":{"rendered":"Kit Cartas Roles de Equipo + Hormonas de la Felicidad  ($46.000)"},"content":{"rendered":"<p><img loading=\"lazy\" class=\"alignnone size-medium wp-image-1638\" src=\"https:\/\/antenear.com\/wp-content\/uploads\/2021\/03\/Antenear_6-1-300x300.png\" alt=\"\" width=\"300\" height=\"300\" srcset=\"https:\/\/antenear.com\/wp-content\/uploads\/2021\/03\/Antenear_6-1-300x300.png 300w, https:\/\/antenear.com\/wp-content\/uploads\/2021\/03\/Antenear_6-1-150x150.png 150w, https:\/\/antenear.com\/wp-content\/uploads\/2021\/03\/Antenear_6-1-768x768.png 768w, https:\/\/antenear.com\/wp-content\/uploads\/2021\/03\/Antenear_6-1-600x600.png 600w, https:\/\/antenear.com\/wp-content\/uploads\/2021\/03\/Antenear_6-1-100x100.png 100w, https:\/\/antenear.com\/wp-content\/uploads\/2021\/03\/Antenear_6-1.png 1000w\" sizes=\"(max-width: 300px) 100vw, 300px\" \/><img loading=\"lazy\" class=\"alignnone size-medium wp-image-1565\" src=\"https:\/\/antenear.com\/wp-content\/uploads\/2021\/01\/COMUNICA_tarjetas-05A-300x300.jpg\" alt=\"\" width=\"300\" height=\"300\" srcset=\"https:\/\/antenear.com\/wp-content\/uploads\/2021\/01\/COMUNICA_tarjetas-05A-300x300.jpg 300w, https:\/\/antenear.com\/wp-content\/uploads\/2021\/01\/COMUNICA_tarjetas-05A-150x150.jpg 150w, https:\/\/antenear.com\/wp-content\/uploads\/2021\/01\/COMUNICA_tarjetas-05A-768x768.jpg 768w, https:\/\/antenear.com\/wp-content\/uploads\/2021\/01\/COMUNICA_tarjetas-05A-600x600.jpg 600w, https:\/\/antenear.com\/wp-content\/uploads\/2021\/01\/COMUNICA_tarjetas-05A-100x100.jpg 100w, https:\/\/antenear.com\/wp-content\/uploads\/2021\/01\/COMUNICA_tarjetas-05A.jpg 1000w\" sizes=\"(max-width: 300px) 100vw, 300px\" \/> <img loading=\"lazy\" class=\"alignnone size-medium wp-image-1563\" src=\"https:\/\/antenear.com\/wp-content\/uploads\/2021\/01\/COMUNICA_tarjetas-01C-300x300.jpg\" alt=\"\" width=\"300\" height=\"300\" srcset=\"https:\/\/antenear.com\/wp-content\/uploads\/2021\/01\/COMUNICA_tarjetas-01C-300x300.jpg 300w, https:\/\/antenear.com\/wp-content\/uploads\/2021\/01\/COMUNICA_tarjetas-01C-150x150.jpg 150w, https:\/\/antenear.com\/wp-content\/uploads\/2021\/01\/COMUNICA_tarjetas-01C-768x768.jpg 768w, https:\/\/antenear.com\/wp-content\/uploads\/2021\/01\/COMUNICA_tarjetas-01C-600x600.jpg 600w, https:\/\/antenear.com\/wp-content\/uploads\/2021\/01\/COMUNICA_tarjetas-01C-100x100.jpg 100w, https:\/\/antenear.com\/wp-content\/uploads\/2021\/01\/COMUNICA_tarjetas-01C.jpg 1000w\" sizes=\"(max-width: 300px) 100vw, 300px\" \/><img loading=\"lazy\" class=\"alignnone size-medium wp-image-1703\" src=\"https:\/\/antenear.com\/wp-content\/uploads\/2021\/01\/Antenear_5a-1-300x300.png\" alt=\"\" width=\"300\" height=\"300\" srcset=\"https:\/\/antenear.com\/wp-content\/uploads\/2021\/01\/Antenear_5a-1-300x300.png 300w, https:\/\/antenear.com\/wp-content\/uploads\/2021\/01\/Antenear_5a-1-150x150.png 150w, https:\/\/antenear.com\/wp-content\/uploads\/2021\/01\/Antenear_5a-1-768x768.png 768w, https:\/\/antenear.com\/wp-content\/uploads\/2021\/01\/Antenear_5a-1-600x600.png 600w, https:\/\/antenear.com\/wp-content\/uploads\/2021\/01\/Antenear_5a-1-100x100.png 100w, https:\/\/antenear.com\/wp-content\/uploads\/2021\/01\/Antenear_5a-1.png 1000w\" sizes=\"(max-width: 300px) 100vw, 300px\" \/><img loading=\"lazy\" class=\"alignnone size-medium wp-image-1701\" src=\"https:\/\/antenear.com\/wp-content\/uploads\/2021\/01\/Antenear_5b-1-300x300.png\" alt=\"\" width=\"300\" height=\"300\" srcset=\"https:\/\/antenear.com\/wp-content\/uploads\/2021\/01\/Antenear_5b-1-300x300.png 300w, https:\/\/antenear.com\/wp-content\/uploads\/2021\/01\/Antenear_5b-1-150x150.png 150w, https:\/\/antenear.com\/wp-content\/uploads\/2021\/01\/Antenear_5b-1-768x768.png 768w, https:\/\/antenear.com\/wp-content\/uploads\/2021\/01\/Antenear_5b-1-600x600.png 600w, https:\/\/antenear.com\/wp-content\/uploads\/2021\/01\/Antenear_5b-1-100x100.png 100w, https:\/\/antenear.com\/wp-content\/uploads\/2021\/01\/Antenear_5b-1.png 1000w\" sizes=\"(max-width: 300px) 100vw, 300px\" \/><\/p>\n<p>Precio $46.000<\/p>\n<p><strong>Incluye: 21 Cartas con Roles de Equipo + 18 cartas Hormonas de la Felicidad<\/strong><\/p>\n<p><strong>Informaci\u00f3n:<\/strong><\/p>\n<ul>\n<li><strong>Cartas<\/strong> <strong>Roles de Equipo. <\/strong>Set de 21 cartas con dise\u00f1o de hormigas Antenear, para conocer los roles al interior del equipo y los aportes valiosos que realiza cada uno de los integrantes del grupo. Con el prop\u00f3sito de identificar c\u00f3mo aportan a la existencia del equilibrio del grupo, y saber c\u00f3mo realizar mejores contribuciones y potenciar habilidades m\u00e1s all\u00e1 del cargo. <strong>Incluye:<\/strong> Roles de Belbin, Roles Sociocracia-Holacracia, Roles Emergentes. Este Set es una efectiva herramienta para trabajar espacios de reconocimiento individual y colectivo, valorando el aporte que cada persona entrega al equipo. Y tambi\u00e9n permitiendo trabajar la identificaci\u00f3n de roles al interior del equipo tanto los predominantes como a los que el equipo debe moverse para encontrar el balance a sus desaf\u00edos actuales.<\/li>\n<\/ul>\n<p>&nbsp;<\/p>\n<ul>\n<li><strong>Cartas Hormonas de la Felicidad: <\/strong>18 cartas con las cuales se promueve la activaci\u00f3n de cuatro qu\u00edmicos naturales en nuestro cuerpo que suelen ser definidos como el \u201ccuarteto de la felicidad\u201c, conformado por la Dopamina, Oxitocina, Serotonina y Endorfina. Con esta herramienta, se busca cultivar un espacio emocional que abra posibilidades de acci\u00f3n en el grupo, activando la comunicaci\u00f3n qu\u00edmica en las relaciones humanas y la positividad, la cual se refiere a la calidad y forma en que se gestionan las relaciones dentro de un grupo. Con esta herramienta puede generar activaci\u00f3n al iniciar una reuni\u00f3n o taller, para generar el campo social necesario para abrir conversaciones emp\u00e1ticas y generativas.\u00a0 Con ellas puede profundizar en co-sentir el campo social que permita activar la inteligencia del coraz\u00f3n y la voluntad de las personas para ir hacia un espacio m\u00e1s profundo y un estado diferente en las relaciones humanas.<\/li>\n<\/ul>\n","protected":false},"excerpt":{"rendered":"<p>Incluye: 21 Cartas con Roles de Equipo + 18 cartas Hormonas de la Felicidad + Amigable Mascota Antenear.<\/p>\n","protected":false},"featured_media":1373,"template":"","meta":[],"yoast_head":"<!-- This site is optimized with the Yoast SEO Premium plugin v15.3 - https:\/\/yoast.com\/wordpress\/plugins\/seo\/ -->\n<title>Kit Cartas Roles de Equipo + Hormonas de la Felicidad ($46.000) - Antenear<\/title>\n<meta name=\"robots\" content=\"index, follow, max-snippet:-1, max-image-preview:large, max-video-preview:-1\" \/>\n<link rel=\"canonical\" href=\"https:\/\/antenear.com\/es\/producto\/kit-cartas-roles-de-equipo-hormonas-de-la-felicidad-amigable-mascota-antenear\/\" \/>\n<meta property=\"og:locale\" content=\"es_ES\" \/>\n<meta property=\"og:type\" content=\"article\" \/>\n<meta property=\"og:title\" content=\"Kit Cartas Roles de Equipo + Hormonas de la Felicidad ($46.000) - Antenear\" \/>\n<meta property=\"og:description\" content=\"Incluye: 21 Cartas con Roles de Equipo + 18 cartas Hormonas de la Felicidad + Amigable Mascota Antenear.\" \/>\n<meta property=\"og:url\" content=\"https:\/\/antenear.com\/es\/producto\/kit-cartas-roles-de-equipo-hormonas-de-la-felicidad-amigable-mascota-antenear\/\" \/>\n<meta property=\"og:site_name\" content=\"Antenear\" \/>\n<meta property=\"article:modified_time\" content=\"2024-04-09T22:47:19+00:00\" \/>\n<meta property=\"og:image\" content=\"https:\/\/antenear.com\/wp-content\/uploads\/2021\/01\/Antenear_5a.png\" \/>\n\t<meta property=\"og:image:width\" content=\"1000\" \/>\n\t<meta property=\"og:image:height\" content=\"1000\" \/>\n<meta name=\"twitter:card\" content=\"summary_large_image\" \/>\n<meta name=\"twitter:label1\" content=\"Written by\">\n\t<meta name=\"twitter:data1\" content=\"admin\">\n\t<meta name=\"twitter:label2\" content=\"Est. reading time\">\n\t<meta name=\"twitter:data2\" content=\"1 minuto\">\n<script type=\"application\/ld+json\" class=\"yoast-schema-graph\">{\"@context\":\"https:\/\/schema.org\",\"@graph\":[{\"@type\":\"WebSite\",\"@id\":\"https:\/\/antenear.com\/#website\",\"url\":\"https:\/\/antenear.com\/\",\"name\":\"Antenear\",\"description\":\"Collaboration in motion\",\"potentialAction\":[{\"@type\":\"SearchAction\",\"target\":\"https:\/\/antenear.com\/?s={search_term_string}\",\"query-input\":\"required name=search_term_string\"}],\"inLanguage\":\"es\"},{\"@type\":\"ImageObject\",\"@id\":\"https:\/\/antenear.com\/es\/producto\/kit-cartas-roles-de-equipo-hormonas-de-la-felicidad-amigable-mascota-antenear\/#primaryimage\",\"inLanguage\":\"es\",\"url\":\"https:\/\/antenear.com\/wp-content\/uploads\/2021\/01\/Antenear_5a.png\",\"width\":1000,\"height\":1000},{\"@type\":\"WebPage\",\"@id\":\"https:\/\/antenear.com\/es\/producto\/kit-cartas-roles-de-equipo-hormonas-de-la-felicidad-amigable-mascota-antenear\/#webpage\",\"url\":\"https:\/\/antenear.com\/es\/producto\/kit-cartas-roles-de-equipo-hormonas-de-la-felicidad-amigable-mascota-antenear\/\",\"name\":\"Kit Cartas Roles de Equipo + Hormonas de la Felicidad ($46.000) - Antenear\",\"isPartOf\":{\"@id\":\"https:\/\/antenear.com\/#website\"},\"primaryImageOfPage\":{\"@id\":\"https:\/\/antenear.com\/es\/producto\/kit-cartas-roles-de-equipo-hormonas-de-la-felicidad-amigable-mascota-antenear\/#primaryimage\"},\"datePublished\":\"2021-01-27T14:30:22+00:00\",\"dateModified\":\"2024-04-09T22:47:19+00:00\",\"inLanguage\":\"es\",\"potentialAction\":[{\"@type\":\"ReadAction\",\"target\":[\"https:\/\/antenear.com\/es\/producto\/kit-cartas-roles-de-equipo-hormonas-de-la-felicidad-amigable-mascota-antenear\/\"]}]}]}<\/script>\n<!-- \/ Yoast SEO Premium plugin. -->","_links":{"self":[{"href":"https:\/\/antenear.com\/es\/wp-json\/wp\/v2\/product\/1303"}],"collection":[{"href":"https:\/\/antenear.com\/es\/wp-json\/wp\/v2\/product"}],"about":[{"href":"https:\/\/antenear.com\/es\/wp-json\/wp\/v2\/types\/product"}],"wp:featuredmedia":[{"embeddable":true,"href":"https:\/\/antenear.com\/es\/wp-json\/wp\/v2\/media\/1373"}],"wp:attachment":[{"href":"https:\/\/antenear.com\/es\/wp-json\/wp\/v2\/media?parent=1303"}],"curies":[{"name":"wp","href":"https:\/\/api.w.org\/{rel}","templated":true}]}}