{"id":1307,"date":"2021-01-27T14:42:30","date_gmt":"2021-01-27T14:42:30","guid":{"rendered":"http:\/\/localhost:8888\/product\/amigable-mascota-antenear\/"},"modified":"2021-11-24T17:42:35","modified_gmt":"2021-11-24T17:42:35","slug":"amigable-mascota-antenear","status":"publish","type":"product","link":"https:\/\/antenear.com\/es\/producto\/amigable-mascota-antenear\/","title":{"rendered":"Amigable Mascota Antenear (USD 21)"},"content":{"rendered":"<p>Precio USD 21<\/p>\n<p><strong>Amigable Mascota ANTENEAR:<\/strong> Mide 25 cent\u00edmetros. Material\u00a0100% polar hipoalerg\u00e9nico y relleno con algod\u00f3n sint\u00e9tico.\u00a0Hecho en Chile.<\/p>\n","protected":false},"excerpt":{"rendered":"<p><strong>Amigable Mascota ANTENEAR:<\/strong> Mide 25 cent\u00edmetros. Material\u00a0100% polar hipoalerg\u00e9nico y relleno con algod\u00f3n sint\u00e9tico.\u00a0Hecho en Chile.<\/p>\n","protected":false},"featured_media":1327,"template":"","meta":[],"yoast_head":"<!-- This site is optimized with the Yoast SEO Premium plugin v15.3 - https:\/\/yoast.com\/wordpress\/plugins\/seo\/ -->\n<title>Amigable Mascota Antenear (USD 21) - Antenear<\/title>\n<meta name=\"robots\" content=\"index, follow, max-snippet:-1, max-image-preview:large, max-video-preview:-1\" \/>\n<link rel=\"canonical\" href=\"https:\/\/antenear.com\/es\/producto\/amigable-mascota-antenear\/\" \/>\n<meta property=\"og:locale\" content=\"es_ES\" \/>\n<meta property=\"og:type\" content=\"article\" \/>\n<meta property=\"og:title\" content=\"Amigable Mascota Antenear (USD 21) - Antenear\" \/>\n<meta property=\"og:description\" content=\"Amigable Mascota ANTENEAR: Mide 25 cent\u00edmetros. Material\u00a0100% polar hipoalerg\u00e9nico y relleno con algod\u00f3n sint\u00e9tico.\u00a0Hecho en Chile.\" \/>\n<meta property=\"og:url\" content=\"https:\/\/antenear.com\/es\/producto\/amigable-mascota-antenear\/\" \/>\n<meta property=\"og:site_name\" content=\"Antenear\" \/>\n<meta property=\"article:modified_time\" content=\"2021-11-24T17:42:35+00:00\" \/>\n<meta property=\"og:image\" content=\"https:\/\/antenear.com\/wp-content\/uploads\/2021\/01\/Antenear_7b.png\" \/>\n\t<meta property=\"og:image:width\" content=\"1000\" \/>\n\t<meta property=\"og:image:height\" content=\"1000\" \/>\n<meta name=\"twitter:card\" content=\"summary_large_image\" \/>\n<meta name=\"twitter:label1\" content=\"Written by\">\n\t<meta name=\"twitter:data1\" content=\"admin\">\n\t<meta name=\"twitter:label2\" content=\"Est. reading time\">\n\t<meta name=\"twitter:data2\" content=\"0 minutos\">\n<script type=\"application\/ld+json\" class=\"yoast-schema-graph\">{\"@context\":\"https:\/\/schema.org\",\"@graph\":[{\"@type\":\"WebSite\",\"@id\":\"https:\/\/antenear.com\/#website\",\"url\":\"https:\/\/antenear.com\/\",\"name\":\"Antenear\",\"description\":\"Collaboration in motion\",\"potentialAction\":[{\"@type\":\"SearchAction\",\"target\":\"https:\/\/antenear.com\/?s={search_term_string}\",\"query-input\":\"required name=search_term_string\"}],\"inLanguage\":\"es\"},{\"@type\":\"ImageObject\",\"@id\":\"https:\/\/antenear.com\/es\/producto\/amigable-mascota-antenear\/#primaryimage\",\"inLanguage\":\"es\",\"url\":\"https:\/\/antenear.com\/wp-content\/uploads\/2021\/01\/Antenear_7b.png\",\"width\":1000,\"height\":1000},{\"@type\":\"WebPage\",\"@id\":\"https:\/\/antenear.com\/es\/producto\/amigable-mascota-antenear\/#webpage\",\"url\":\"https:\/\/antenear.com\/es\/producto\/amigable-mascota-antenear\/\",\"name\":\"Amigable Mascota Antenear (USD 21) - Antenear\",\"isPartOf\":{\"@id\":\"https:\/\/antenear.com\/#website\"},\"primaryImageOfPage\":{\"@id\":\"https:\/\/antenear.com\/es\/producto\/amigable-mascota-antenear\/#primaryimage\"},\"datePublished\":\"2021-01-27T14:42:30+00:00\",\"dateModified\":\"2021-11-24T17:42:35+00:00\",\"inLanguage\":\"es\",\"potentialAction\":[{\"@type\":\"ReadAction\",\"target\":[\"https:\/\/antenear.com\/es\/producto\/amigable-mascota-antenear\/\"]}]}]}<\/script>\n<!-- \/ Yoast SEO Premium plugin. -->","_links":{"self":[{"href":"https:\/\/antenear.com\/es\/wp-json\/wp\/v2\/product\/1307"}],"collection":[{"href":"https:\/\/antenear.com\/es\/wp-json\/wp\/v2\/product"}],"about":[{"href":"https:\/\/antenear.com\/es\/wp-json\/wp\/v2\/types\/product"}],"wp:featuredmedia":[{"embeddable":true,"href":"https:\/\/antenear.com\/es\/wp-json\/wp\/v2\/media\/1327"}],"wp:attachment":[{"href":"https:\/\/antenear.com\/es\/wp-json\/wp\/v2\/media?parent=1307"}],"curies":[{"name":"wp","href":"https:\/\/api.w.org\/{rel}","templated":true}]}}