{"id":1346,"date":"2021-03-03T19:04:14","date_gmt":"2021-03-03T19:04:14","guid":{"rendered":"http:\/\/antenear.test.soho.cl\/product\/certification-collaborative-leadership-and-team-facilitation-in-the-antenear-methodology\/"},"modified":"2025-08-27T15:49:16","modified_gmt":"2025-08-27T15:49:16","slug":"certification-collaborative-leadership-and-team-facilitation-in-the-antenear-methodology","status":"publish","type":"product","link":"https:\/\/antenear.com\/es\/producto\/certification-collaborative-leadership-and-team-facilitation-in-the-antenear-methodology\/","title":{"rendered":"Certificaci\u00f3n Liderazgo Colaborativo y Facilitaci\u00f3n de Equipos en la Metodolog\u00eda Antenear\u00ae (USD 900)"},"content":{"rendered":"<p><span style=\"vertical-align: inherit;\"><span style=\"vertical-align: inherit;\">Precio USD 900<\/span><\/span><\/p>\n<p>$900.000 peso chileno<\/p>\n<p><strong><span style=\"vertical-align: inherit;\"><span style=\"vertical-align: inherit;\">Resumen Certificaci\u00f3n<\/span><\/span><\/strong><br \/>\n<span style=\"vertical-align: inherit;\"><span style=\"vertical-align: inherit;\"> Horas de formaci\u00f3n: 30hrs. <\/span><\/span><br \/>\n<span style=\"vertical-align: inherit;\"><span style=\"vertical-align: inherit;\">Modo: v\u00eda ZOOM (en sesiones de 3 horas) <\/span><\/span><br \/>\n<span style=\"vertical-align: inherit;\"><span style=\"vertical-align: inherit;\">Creado para: Gerencia, Jefaturas, Supervisores, Mandos medios, l\u00edderes de equipo, consultores y profesionales.<\/span><\/span><\/p>\n<p><strong><span style=\"vertical-align: inherit;\"><span style=\"vertical-align: inherit;\">\u00bfQu\u00e9 Incluye?<\/span><\/span><\/strong><\/p>\n<p><span style=\"vertical-align: inherit;\"><span style=\"vertical-align: inherit;\">Tu inscripci\u00f3n en esta certificaci\u00f3n incluye:<\/span><\/span><\/p>\n<ul>\n<li><span style=\"vertical-align: inherit;\"><span style=\"vertical-align: inherit;\">Kit de 100 cartas y 5 plantillas para el uso de las herramientas de forma presencial.<\/span><\/span><\/li>\n<li><span style=\"vertical-align: inherit;\"><span style=\"vertical-align: inherit;\">Acceso plataforma Antenear 100% online para utilizar las herramientas digitales y poner en pr\u00e1ctica proyectos de trabajo colaborativo de forma visual y did\u00e1ctica por medio de una modalidad virtual.<\/span><\/span><\/li>\n<li><span style=\"vertical-align: inherit;\"><span style=\"vertical-align: inherit;\">Manual del facilitador.<\/span><\/span><\/li>\n<\/ul>\n<p>&nbsp;<\/p>\n","protected":false},"excerpt":{"rendered":"<p>Precio USD 900 $900.000 peso chileno Resumen Certificaci\u00f3n Horas de formaci\u00f3n: 30hrs. Modo: v\u00eda ZOOM (en sesiones de 3 horas) Creado para: Gerencia, Jefaturas, Supervisores, Mandos medios, l\u00edderes de equipo, consultores y profesionales. \u00bfQu\u00e9 Incluye? Tu inscripci\u00f3n en esta certificaci\u00f3n incluye: Kit de 100 cartas y 5 plantillas para el uso de las herramientas de [&hellip;]<\/p>\n","protected":false},"featured_media":87,"template":"","meta":[],"yoast_head":"<!-- This site is optimized with the Yoast SEO Premium plugin v15.3 - https:\/\/yoast.com\/wordpress\/plugins\/seo\/ -->\n<title>Certificaci\u00f3n Liderazgo Colaborativo y Facilitaci\u00f3n de Equipos en la Metodolog\u00eda Antenear\u00ae (USD 900) - Antenear<\/title>\n<meta name=\"robots\" content=\"index, follow, max-snippet:-1, max-image-preview:large, max-video-preview:-1\" \/>\n<link rel=\"canonical\" href=\"https:\/\/antenear.com\/es\/producto\/certification-collaborative-leadership-and-team-facilitation-in-the-antenear-methodology\/\" \/>\n<meta property=\"og:locale\" content=\"es_ES\" \/>\n<meta property=\"og:type\" content=\"article\" \/>\n<meta property=\"og:title\" content=\"Certificaci\u00f3n Liderazgo Colaborativo y Facilitaci\u00f3n de Equipos en la Metodolog\u00eda Antenear\u00ae (USD 900) - Antenear\" \/>\n<meta property=\"og:description\" content=\"Precio USD 900 $900.000 peso chileno Resumen Certificaci\u00f3n Horas de formaci\u00f3n: 30hrs. Modo: v\u00eda ZOOM (en sesiones de 3 horas) Creado para: Gerencia, Jefaturas, Supervisores, Mandos medios, l\u00edderes de equipo, consultores y profesionales. \u00bfQu\u00e9 Incluye? Tu inscripci\u00f3n en esta certificaci\u00f3n incluye: Kit de 100 cartas y 5 plantillas para el uso de las herramientas de [&hellip;]\" \/>\n<meta property=\"og:url\" content=\"https:\/\/antenear.com\/es\/producto\/certification-collaborative-leadership-and-team-facilitation-in-the-antenear-methodology\/\" \/>\n<meta property=\"og:site_name\" content=\"Antenear\" \/>\n<meta property=\"article:modified_time\" content=\"2025-08-27T15:49:16+00:00\" \/>\n<meta property=\"og:image\" content=\"https:\/\/antenear.com\/wp-content\/uploads\/2020\/11\/foto-02.jpg\" \/>\n\t<meta property=\"og:image:width\" content=\"370\" \/>\n\t<meta property=\"og:image:height\" content=\"250\" \/>\n<meta name=\"twitter:card\" content=\"summary_large_image\" \/>\n<meta name=\"twitter:label1\" content=\"Written by\">\n\t<meta name=\"twitter:data1\" content=\"admin\">\n\t<meta name=\"twitter:label2\" content=\"Est. reading time\">\n\t<meta name=\"twitter:data2\" content=\"0 minutos\">\n<script type=\"application\/ld+json\" class=\"yoast-schema-graph\">{\"@context\":\"https:\/\/schema.org\",\"@graph\":[{\"@type\":\"WebSite\",\"@id\":\"https:\/\/antenear.com\/#website\",\"url\":\"https:\/\/antenear.com\/\",\"name\":\"Antenear\",\"description\":\"Collaboration in motion\",\"potentialAction\":[{\"@type\":\"SearchAction\",\"target\":\"https:\/\/antenear.com\/?s={search_term_string}\",\"query-input\":\"required name=search_term_string\"}],\"inLanguage\":\"es\"},{\"@type\":\"ImageObject\",\"@id\":\"https:\/\/antenear.com\/es\/producto\/certification-collaborative-leadership-and-team-facilitation-in-the-antenear-methodology\/#primaryimage\",\"inLanguage\":\"es\",\"url\":\"https:\/\/antenear.com\/wp-content\/uploads\/2020\/11\/foto-02.jpg\",\"width\":370,\"height\":250},{\"@type\":\"WebPage\",\"@id\":\"https:\/\/antenear.com\/es\/producto\/certification-collaborative-leadership-and-team-facilitation-in-the-antenear-methodology\/#webpage\",\"url\":\"https:\/\/antenear.com\/es\/producto\/certification-collaborative-leadership-and-team-facilitation-in-the-antenear-methodology\/\",\"name\":\"Certificaci\\u00f3n Liderazgo Colaborativo y Facilitaci\\u00f3n de Equipos en la Metodolog\\u00eda Antenear\\u00ae (USD 900) - Antenear\",\"isPartOf\":{\"@id\":\"https:\/\/antenear.com\/#website\"},\"primaryImageOfPage\":{\"@id\":\"https:\/\/antenear.com\/es\/producto\/certification-collaborative-leadership-and-team-facilitation-in-the-antenear-methodology\/#primaryimage\"},\"datePublished\":\"2021-03-03T19:04:14+00:00\",\"dateModified\":\"2025-08-27T15:49:16+00:00\",\"inLanguage\":\"es\",\"potentialAction\":[{\"@type\":\"ReadAction\",\"target\":[\"https:\/\/antenear.com\/es\/producto\/certification-collaborative-leadership-and-team-facilitation-in-the-antenear-methodology\/\"]}]}]}<\/script>\n<!-- \/ Yoast SEO Premium plugin. -->","_links":{"self":[{"href":"https:\/\/antenear.com\/es\/wp-json\/wp\/v2\/product\/1346"}],"collection":[{"href":"https:\/\/antenear.com\/es\/wp-json\/wp\/v2\/product"}],"about":[{"href":"https:\/\/antenear.com\/es\/wp-json\/wp\/v2\/types\/product"}],"wp:featuredmedia":[{"embeddable":true,"href":"https:\/\/antenear.com\/es\/wp-json\/wp\/v2\/media\/87"}],"wp:attachment":[{"href":"https:\/\/antenear.com\/es\/wp-json\/wp\/v2\/media?parent=1346"}],"curies":[{"name":"wp","href":"https:\/\/api.w.org\/{rel}","templated":true}]}}